{"id":3,"date":"2025-06-09T12:34:14","date_gmt":"2025-06-09T12:34:14","guid":{"rendered":"https:\/\/pharaohkids.com\/?page_id=3"},"modified":"2025-06-10T10:21:15","modified_gmt":"2025-06-10T10:21:15","slug":"privacy-policy","status":"publish","type":"page","link":"https:\/\/pharaohkids.de\/de\/privacy-policy\/","title":{"rendered":"Datenschutzrichtlinie"},"content":{"rendered":"<h1 class=\"wp-block-heading\">Datenschutzrichtlinie<\/h1>\n\n\n\n<p>Zuletzt aktualisiert: 10. Juni 2025<\/p>\n\n\n\n<p>Diese Datenschutzrichtlinie beschreibt Unsere Richtlinien und Verfahren f\u00fcr die Erhebung, Verwendung und Offenlegung Ihrer Informationen, wenn Sie den Dienst nutzen, und informiert Sie \u00fcber Ihre Datenschutzrechte und dar\u00fcber, wie das Gesetz Sie sch\u00fctzt.<\/p>\n\n\n\n<p>Wir verwenden Ihre personenbezogenen Daten, um den Dienst bereitzustellen und zu verbessern. Durch die Nutzung des Dienstes erkl\u00e4ren Sie sich mit der Erhebung und Nutzung von Informationen gem\u00e4\u00df dieser Datenschutzrichtlinie einverstanden.<\/p>\n\n\n\n<h2 class=\"wp-block-heading\">Auslegung und Definitionen<\/h2>\n\n\n\n<h3 class=\"wp-block-heading\">Auslegung<\/h3>\n\n\n\n<p>W\u00f6rter, deren Anfangsbuchstabe gro\u00dfgeschrieben ist, haben die unter den folgenden Bedingungen definierten Bedeutungen. Die folgenden Definitionen haben dieselbe Bedeutung, unabh\u00e4ngig davon, ob sie im Singular oder im Plural erscheinen.<\/p>\n\n\n\n<h3 class=\"wp-block-heading\">Definitionen<\/h3>\n\n\n\n<p>F\u00fcr die Zwecke dieser Datenschutzrichtlinie:<\/p>\n\n\n\n<ul class=\"wp-block-list\">\n<li class=\"translation-block\">Konto (Account) ein einzigartiges Konto, das f\u00fcr Sie erstellt wurde, um auf unseren Service oder Teile unseres Services zuzugreifen.<\/li>\n\n\n\n<li class=\"translation-block\">Verbundenes Unternehmen ein Unternehmen, das eine Partei kontrolliert, von ihr kontrolliert wird oder unter gemeinsamer Kontrolle mit ihr steht, wobei \u201eKontrolle\u201c den Besitz von 50 % oder mehr der Anteile, Eigenkapitalbeteiligungen oder anderen Wertpapiere bedeutet, die zur Wahl von Direktoren oder anderen Verwaltungsorganen berechtigen.<\/li>\n\n\n\n<li class=\"translation-block\">Unternehmen (in dieser Vereinbarung entweder als \u201edas Unternehmen\u201c, \u201eWir\u201c, \u201eUns\u201c oder \u201eUnser\u201c bezeichnet) bezieht sich auf Pharaoh Kids.<\/li>\n\n\n\n<li class=\"translation-block\">Cookies sind kleine Dateien, die von einer Website auf Ihrem Computer, Mobilger\u00e4t oder einem anderen Ger\u00e4t platziert werden und unter anderem Details \u00fcber Ihren Browserverlauf auf dieser Website enthalten.<\/li>\n\n\n\n<li class=\"translation-block\">Land bezieht sich auf: Berlin, Deutschland.<\/li>\n\n\n\n<li class=\"translation-block\">Ger\u00e4t jedes Ger\u00e4t, das auf den Service zugreifen kann, wie z. B. ein Computer, ein Mobiltelefon oder ein digitales Tablet.<\/li>\n\n\n\n<li class=\"translation-block\">Personenbezogene Daten sind alle Informationen, die sich auf eine identifizierte oder identifizierbare Einzelperson beziehen.<\/li>\n\n\n\n<li class=\"translation-block\">Service bezieht sich auf die Website.<\/li>\n\n\n\n<li class=\"translation-block\">Dienstleister bezeichnet jede nat\u00fcrliche oder juristische Person, die die Daten im Auftrag des Unternehmens verarbeitet. Dies bezieht sich auf Drittunternehmen oder Einzelpersonen, die vom Unternehmen beauftragt wurden, den Service zu unterst\u00fctzen oder zu analysieren.<\/li>\n\n\n\n<li class=\"translation-block\">Nutzungsdaten beziehen sich auf Daten, die automatisch erhoben werden, entweder durch die Nutzung des Service oder aus der Service-Infrastruktur selbst (z. B. die Dauer eines Seitenbesuchs).<\/li>\n\n\n\n<li class=\"translation-block\">Website bezieht sich auf Pharaoh Kids, erreichbar unter https:\/\/pharaohkids.de\/.<\/li>\n\n\n\n<li class=\"translation-block\">Sie bezeichnet die Einzelperson, die auf den Service zugreift oder diesen nutzt, oder das Unternehmen oder eine andere juristische Person, in deren Namen diese Einzelperson auf den Service zugreift oder diesen nutzt, je nach Fall.<\/li>\n<\/ul>\n\n\n\n<h2 class=\"wp-block-heading\">Erhebung und Verwendung Ihrer personenbezogenen Daten<\/h2>\n\n\n\n<h3 class=\"wp-block-heading\">Arten der erhobenen Daten<\/h3>\n\n\n\n<h4 class=\"wp-block-heading\">Personenbezogene Daten<\/h4>\n\n\n\n<p>W\u00e4hrend der Nutzung unseres Dienstes bitten wir Sie m\u00f6glicherweise, uns bestimmte personenbezogene Daten zur Verf\u00fcgung zu stellen, die dazu verwendet werden k\u00f6nnen, Sie zu kontaktieren oder zu identifizieren. Dazu geh\u00f6ren unter anderem:<\/p>\n\n\n\n<ul class=\"wp-block-list\">\n<li>E-Mail-Adresse<\/li>\n\n\n\n<li>Vorname und Nachname<\/li>\n\n\n\n<li>Telefonnummer<\/li>\n\n\n\n<li>Adresse, Bundesland, Provinz, Postleitzahl, Stadt<\/li>\n\n\n\n<li>Nutzungsdaten<\/li>\n<\/ul>\n\n\n\n<h4 class=\"wp-block-heading\">Nutzungsdaten<\/h4>\n\n\n\n<p>Nutzungsdaten werden bei der Nutzung des Dienstes automatisch erhoben.<\/p>\n\n\n\n<p>Nutzungsdaten k\u00f6nnen Informationen wie die Internetprotokoll-Adresse Ihres Ger\u00e4ts (z. B. IP-Adresse), den Browsertyp, die Browserversion, die von Ihnen besuchten Seiten unseres Dienstes, den Zeitpunkt und das Datum Ihres Besuchs, die auf diesen Seiten verbrachte Zeit, eindeutige Ger\u00e4tekennungen und andere Diagnosedaten enthalten.<\/p>\n\n\n\n<p>Wenn Sie mit oder \u00fcber ein mobiles Ger\u00e4t auf den Dienst zugreifen, k\u00f6nnen wir bestimmte Informationen automatisch erfassen, einschlie\u00dflich, aber nicht beschr\u00e4nkt auf den Typ des von Ihnen verwendeten mobilen Ger\u00e4ts, die eindeutige ID Ihres mobilen Ger\u00e4ts, die IP-Adresse Ihres mobilen Ger\u00e4ts, Ihr mobiles Betriebssystem, den Typ des von Ihnen verwendeten mobilen Internetbrowsers, eindeutige Ger\u00e4tekennungen und andere Diagnosedaten.<\/p>\n\n\n\n<p>Wir k\u00f6nnen auch Informationen erfassen, die Ihr Browser sendet, wann immer Sie unseren Dienst besuchen oder wenn Sie mit oder \u00fcber ein mobiles Ger\u00e4t auf den Dienst zugreifen.<\/p>\n\n\n\n<h4 class=\"wp-block-heading\">Tracking-Technologien und Cookies<\/h4>\n\n\n\n<p>Wir verwenden Cookies und \u00e4hnliche Technologien (Beacons, Tags), um Aktivit\u00e4ten auf unserem Dienst zu verfolgen. Sie k\u00f6nnen Ihren Browser so einstellen, dass er alle Cookies ablehnt, jedoch k\u00f6nnten dann Teile des Dienstes nicht mehr funktionieren.<\/p>\n\n\n\n<ul class=\"wp-block-list\">\n<li class=\"translation-block\">Cookies oder Browser-Cookies. Ein Cookie ist eine kleine Datei, die auf Ihrem Ger\u00e4t platziert wird. Sie k\u00f6nnen Ihren Browser anweisen, alle Cookies abzulehnen oder anzuzeigen, wenn ein Cookie gesendet wird. Wenn Sie jedoch keine Cookies akzeptieren, k\u00f6nnen Sie m\u00f6glicherweise einige Teile unseres Dienstes nicht nutzen. Sofern Sie Ihre Browsereinstellung nicht so angepasst haben, dass Cookies abgelehnt werden, kann unser Dienst Cookies verwenden.<\/li>\n\n\n\n<li class=\"translation-block\">Web Beacons. Bestimmte Abschnitte unseres Dienstes und unserer E-Mails k\u00f6nnen kleine elektronische Dateien enthalten, die als Web Beacons bekannt sind (auch als Clear Gifs, Pixel-Tags und Single-Pixel-Gifs bezeichnet), die es dem Unternehmen erm\u00f6glichen, beispielsweise Nutzer zu z\u00e4hlen, die diese Seiten besucht oder eine E-Mail ge\u00f6ffnet haben, sowie f\u00fcr andere verwandte Website-Statistiken (beispielsweise die Aufzeichnung der Beliebtheit eines bestimmten Abschnitts und die \u00dcberpr\u00fcfung der System- und Serverintegrit\u00e4t).<\/li>\n<\/ul>\n\n\n\n<p class=\"translation-block\">Cookies k\u00f6nnen \u201epersistente\u201c oder \u201eSitzungs-\u201c Cookies sein. Persistente Cookies verbleiben auf Ihrem pers\u00f6nlichen Computer oder Mobilger\u00e4t, wenn Sie offline gehen, w\u00e4hrend Sitzungs-Cookies gel\u00f6scht werden, sobald Sie Ihren Webbrowser schlie\u00dfen.<\/p>\n\n\n\n<p>Wir verwenden sowohl Sitzungs- als auch persistente Cookies f\u00fcr die unten aufgef\u00fchrten Zwecke:<\/p>\n\n\n\n<ul class=\"wp-block-list\">\n<li class=\"translation-block\">Notwendige \/ Essenzielle Cookies\n\nTyp: Sitzungs-Cookies\n\nVerwaltet von: Uns\n\nZweck: Diese Cookies sind unerl\u00e4sslich, um Ihnen \u00fcber die Website verf\u00fcgbare Dienste bereitzustellen und Ihnen die Nutzung einiger ihrer Funktionen zu erm\u00f6glichen. Sie helfen dabei, Benutzer zu authentifizieren und die betr\u00fcgerische Nutzung von Benutzerkonten zu verhindern. Ohne diese Cookies k\u00f6nnen die von Ihnen angeforderten Dienste nicht bereitgestellt werden, und wir verwenden diese Cookies nur, um Ihnen diese Dienste bereitzustellen.<\/li>\n\n\n\n<li class=\"translation-block\">Cookie-Richtlinie \/ Hinweis-Akzeptanz-Cookies\n\nTyp: Persistente Cookies\n\nVerwaltet von: Uns\n\nZweck: Diese Cookies stellen fest, ob Benutzer der Verwendung von Cookies auf der Website zugestimmt haben.<\/li>\n\n\n\n<li class=\"translation-block\">Funktionalit\u00e4ts-Cookies\n\nTyp: Persistente Cookies\n\nVerwaltet von: Uns\n\nZweck: Diese Cookies erm\u00f6glichen es uns, Entscheidungen zu speichern, die Sie bei der Nutzung der Website treffen, wie z. B. das Speichern Ihrer Logindaten oder Ihrer Sprachpr\u00e4ferenz. Der Zweck dieser Cookies ist es, Ihnen eine pers\u00f6nlichere Erfahrung zu bieten und zu vermeiden, dass Sie Ihre Pr\u00e4ferenzen jedes Mal neu eingeben m\u00fcssen, wenn Sie die Website nutzen.<\/li>\n<\/ul>\n\n\n\n<p>Weitere Informationen \u00fcber die von uns verwendeten Cookies und Ihre Wahlm\u00f6glichkeiten bez\u00fcglich Cookies finden Sie in unserer Cookie-Richtlinie oder im Abschnitt \u201eCookies\u201c unserer Datenschutzrichtlinie.<\/p>\n\n\n\n<h3 class=\"wp-block-heading\">Nutzung Ihrer personenbezogenen Daten<\/h3>\n\n\n\n<p>Das Unternehmen kann personenbezogene Daten f\u00fcr die folgenden Zwecke verwenden:<\/p>\n\n\n\n<ul class=\"wp-block-list\">\n<li class=\"translation-block\">Zur Bereitstellung und Wartung unseres Dienstes, einschlie\u00dflich der \u00dcberwachung der Nutzung unseres Dienstes.<\/li>\n\n\n\n<li class=\"translation-block\">Zur Verwaltung Ihres Kontos: Um Ihre Registrierung als Nutzer des Dienstes zu verwalten. Die von Ihnen bereitgestellten personenbezogenen Daten k\u00f6nnen Ihnen Zugang zu verschiedenen Funktionen des Dienstes geben, die Ihnen als registrierter Nutzer zur Verf\u00fcgung stehen.<\/li>\n\n\n\n<li class=\"translation-block\">Zur Vertragserf\u00fcllung: Die Entwicklung, Einhaltung und Durchf\u00fchrung des Kaufvertrags f\u00fcr die Produkte, Artikel oder Dienstleistungen, die Sie erworben haben, oder eines anderen Vertrags mit uns \u00fcber den Dienst.<\/li>\n\n\n\n<li class=\"translation-block\">Um Sie zu kontaktieren: Um Sie per E-Mail, Telefonanrufe, SMS oder andere gleichwertige Formen der elektronischen Kommunikation zu kontaktieren, wie z. B. Push-Benachrichtigungen einer mobilen Anwendung \u00fcber Aktualisierungen oder informative Mitteilungen im Zusammenhang mit den Funktionen, Produkten oder vertraglich vereinbarten Dienstleistungen, einschlie\u00dflich Sicherheitsupdates, wenn dies f\u00fcr deren Implementierung erforderlich oder angemessen ist.<\/li>\n\n\n\n<li class=\"translation-block\">Um Ihnen Neuigkeiten, Sonderangebote und allgemeine Informationen \u00fcber andere von uns angebotene Waren, Dienstleistungen und Veranstaltungen zukommen zu lassen, die denen \u00e4hneln, die Sie bereits gekauft oder angefragt haben, es sei denn, Sie haben sich gegen den Erhalt solcher Informationen entschieden.<\/li>\n\n\n\n<li class=\"translation-block\">Zur Bearbeitung Ihrer Anfragen: Um Ihre Anfragen an uns zu bearbeiten und zu verwalten.<\/li>\n\n\n\n<li class=\"translation-block\">F\u00fcr Gesch\u00e4fts\u00fcbertragungen: Wir k\u00f6nnen Ihre Informationen verwenden, um eine Fusion, Ver\u00e4u\u00dferung, Umstrukturierung, Sanierung, Aufl\u00f6sung oder einen anderen Verkauf oder eine \u00dcbertragung einiger oder aller unserer Verm\u00f6genswerte zu bewerten oder durchzuf\u00fchren, sei es als fortlaufendes Unternehmen oder im Rahmen eines Konkurses, einer Liquidation oder eines \u00e4hnlichen Verfahrens, bei dem personenbezogene Daten, die wir \u00fcber unsere Dienstnutzer gespeichert haben, zu den \u00fcbertragenen Verm\u00f6genswerten geh\u00f6ren.<\/li>\n\n\n\n<li class=\"translation-block\">F\u00fcr andere Zwecke: Wir k\u00f6nnen Ihre Informationen f\u00fcr andere Zwecke verwenden, wie z. B. Datenanalyse, Identifizierung von Nutzungstrends, Bestimmung der Wirksamkeit unserer Werbekampagnen und zur Bewertung und Verbesserung unseres Dienstes, unserer Produkte, Dienstleistungen, unseres Marketings und Ihrer Erfahrung.<\/li>\n<\/ul>\n\n\n\n<p>Wir k\u00f6nnen Ihre personenbezogenen Daten in den folgenden Situationen weitergeben:<\/p>\n\n\n\n<ul class=\"wp-block-list\">\n<li class=\"translation-block\">Mit Dienstleistern: Wir k\u00f6nnen Ihre personenbezogenen Daten an Dienstleister weitergeben, um die Nutzung unseres Dienstes zu \u00fcberwachen und zu analysieren und um Sie zu kontaktieren.<\/li>\n\n\n\n<li class=\"translation-block\">F\u00fcr Gesch\u00e4fts\u00fcbertragungen: Wir k\u00f6nnen Ihre personenbezogenen Daten im Zusammenhang mit oder w\u00e4hrend der Verhandlungen \u00fcber eine Fusion, den Verkauf von Unternehmensverm\u00f6gen, eine Finanzierung oder den Erwerb unseres gesamten Unternehmens oder eines Teils davon durch ein anderes Unternehmen weitergeben oder \u00fcbertragen.<\/li>\n\n\n\n<li class=\"translation-block\">Mit verbundenen Unternehmen: Wir k\u00f6nnen Ihre Informationen an unsere verbundenen Unternehmen weitergeben; in diesem Fall verlangen wir von diesen Unternehmen, dass sie diese Datenschutzrichtlinie einhalten. Verbundene Unternehmen umfassen unsere Muttergesellschaft und alle anderen Tochtergesellschaften, Joint-Venture-Partner oder andere Unternehmen, die wir kontrollieren oder die unter gemeinsamer Kontrolle mit uns stehen.<\/li>\n\n\n\n<li class=\"translation-block\">Mit Gesch\u00e4ftspartnern: Wir k\u00f6nnen Ihre Informationen an unsere Gesch\u00e4ftspartner weitergeben, um Ihnen bestimmte Produkte, Dienstleistungen oder Werbeaktionen anzubieten.<\/li>\n\n\n\n<li class=\"translation-block\">Mit anderen Nutzern: Wenn Sie personenbezogene Informationen teilen oder auf andere Weise in \u00f6ffentlichen Bereichen mit anderen Nutzern interagieren, k\u00f6nnen diese Informationen von allen Nutzern eingesehen und \u00f6ffentlich nach au\u00dfen verbreitet werden.<\/li>\n\n\n\n<li class=\"translation-block\">Mit Ihrer Zustimmung: Wir k\u00f6nnen Ihre personenbezogenen Daten mit Ihrer Zustimmung f\u00fcr jeden anderen Zweck offenlegen.<\/li>\n<\/ul>\n\n\n\n<h3 class=\"wp-block-heading\">Aufbewahrung Ihrer personenbezogenen Daten<\/h3>\n\n\n\n<p>Das Unternehmen bewahrt Ihre personenbezogenen Daten nur so lange auf, wie es f\u00fcr die in dieser Datenschutzrichtlinie dargelegten Zwecke erforderlich ist. Wir werden Ihre personenbezogenen Daten in dem Umfang aufbewahren und verwenden, der erforderlich ist, um unseren gesetzlichen Verpflichtungen nachzukommen (beispielsweise, wenn wir Ihre Daten aufbewahren m\u00fcssen, um geltende Gesetze einzuhalten), Streitigkeiten beizulegen und unsere rechtlichen Vereinbarungen und Richtlinien durchzusetzen.<\/p>\n\n\n\n<p>Das Unternehmen speichert auch Nutzungsdaten f\u00fcr interne Analysezwecke. Nutzungsdaten werden im Allgemeinen f\u00fcr einen k\u00fcrzeren Zeitraum aufbewahrt, es sei denn, diese Daten werden zur St\u00e4rkung der Sicherheit oder zur Verbesserung der Funktionalit\u00e4t unseres Dienstes verwendet oder wir sind gesetzlich verpflichtet, diese Daten f\u00fcr l\u00e4ngere Zeitr\u00e4ume aufzubewahren.<\/p>\n\n\n\n<h3 class=\"wp-block-heading\">\u00dcbertragung Ihrer personenbezogenen Daten<\/h3>\n\n\n\n<p>Ihre Informationen, einschlie\u00dflich personenbezogener Daten, werden in den Betriebsb\u00fcros des Unternehmens und an allen anderen Orten verarbeitet, an denen sich die an der Verarbeitung beteiligten Parteien befinden. Dies bedeutet, dass diese Informationen auf Computer \u00fcbertragen und dort gespeichert werden k\u00f6nnen, die sich au\u00dferhalb Ihres Bundeslandes, Ihrer Provinz, Ihres Landes oder einer anderen staatlichen Gerichtsbarkeit befinden, in denen die Datenschutzgesetze von denen Ihrer Gerichtsbarkeit abweichen k\u00f6nnen.<\/p>\n\n\n\n<p>Ihre Zustimmung zu dieser Datenschutzrichtlinie und die anschlie\u00dfende \u00dcbermittlung dieser Informationen stellen Ihr Einverst\u00e4ndnis mit dieser \u00dcbertragung dar.<\/p>\n\n\n\n<p>Das Unternehmen wird alle vern\u00fcnftigerweise notwendigen Schritte unternehmen, um sicherzustellen, dass Ihre Daten sicher und in \u00dcbereinstimmung mit dieser Datenschutzrichtlinie behandelt werden. Es findet keine \u00dcbermittlung Ihrer personenbezogenen Daten an eine Organisation oder ein Land statt, es sei denn, es bestehen angemessene Kontrollen, einschlie\u00dflich der Sicherheit Ihrer Daten und anderer personenbezogener Informationen.<\/p>\n\n\n\n<h3 class=\"wp-block-heading\">L\u00f6schung Ihrer personenbezogenen Daten<\/h3>\n\n\n\n<p>Sie haben das Recht, die L\u00f6schung der personenbezogenen Daten, die wir \u00fcber Sie gesammelt haben, zu verlangen oder uns dabei um Unterst\u00fctzung zu bitten.<\/p>\n\n\n\n<p>Unser Dienst kann Ihnen die M\u00f6glichkeit geben, bestimmte Informationen \u00fcber Sie innerhalb des Dienstes zu l\u00f6schen.<\/p>\n\n\n\n<p>Sie k\u00f6nnen Ihre Informationen jederzeit aktualisieren, \u00e4ndern oder l\u00f6schen, indem Sie sich bei Ihrem Konto anmelden (falls vorhanden) und den Abschnitt f\u00fcr Kontoeinstellungen besuchen, in dem Sie Ihre pers\u00f6nlichen Daten verwalten k\u00f6nnen. Sie k\u00f6nnen uns auch kontaktieren, um Zugang zu den personenbezogenen Daten, die Sie uns zur Verf\u00fcgung gestellt haben, zu verlangen, diese zu korrigieren oder zu l\u00f6schen.<\/p>\n\n\n\n<p>Bitte beachten Sie jedoch, dass wir bestimmte Informationen aufbewahren m\u00fcssen, wenn wir eine gesetzliche Verpflichtung oder eine rechtm\u00e4\u00dfige Grundlage daf\u00fcr haben.<\/p>\n\n\n\n<h3 class=\"wp-block-heading\">Offenlegung Ihrer personenbezogenen Daten<\/h3>\n\n\n\n<h4 class=\"wp-block-heading\">Gesch\u00e4ftstransaktionen<\/h4>\n\n\n\n<p>Wenn das Unternehmen an einer Fusion, einem Erwerb oder einem Verkauf von Verm\u00f6genswerten beteiligt ist, k\u00f6nnen Ihre personenbezogenen Daten \u00fcbertragen werden. Wir werden Sie informieren, bevor Ihre personenbezogenen Daten \u00fcbertragen werden und einer anderen Datenschutzrichtlinie unterliegen.<\/p>\n\n\n\n<h4 class=\"wp-block-heading\">Strafverfolgung<\/h4>\n\n\n\n<p>Unter bestimmten Umst\u00e4nden kann das Unternehmen verpflichtet sein, Ihre personenbezogenen Daten offenzulegen, wenn dies gesetzlich vorgeschrieben ist oder als Reaktion auf g\u00fcltige Anfragen von Beh\u00f6rden (z. B. ein Gericht oder eine Regierungsbeh\u00f6rde) erfolgt.<\/p>\n\n\n\n<h4 class=\"wp-block-heading\">Sonstige gesetzliche Anforderungen<\/h4>\n\n\n\n<p>Das Unternehmen kann Ihre personenbezogenen Daten offenlegen, wenn es in gutem Glauben davon \u00fcberzeugt ist, dass eine solche Ma\u00dfnahme erforderlich ist, um:<\/p>\n\n\n\n<ul class=\"wp-block-list\">\n<li>Einer gesetzlichen Verpflichtung nachzukommen.<\/li>\n\n\n\n<li>Die Rechte oder das Eigentum des Unternehmens zu sch\u00fctzen und zu verteidigen.<\/li>\n\n\n\n<li>M\u00f6gliches Fehlverhalten im Zusammenhang mit dem Dienst zu verhindern oder zu untersuchen.<\/li>\n\n\n\n<li>Die pers\u00f6nliche Sicherheit der Nutzer des Dienstes oder der \u00d6ffentlichkeit zu sch\u00fctzen.<\/li>\n\n\n\n<li>Sich vor rechtlicher Haftung zu sch\u00fctzen.<\/li>\n<\/ul>\n\n\n\n<h3 class=\"wp-block-heading\">Sicherheit Ihrer personenbezogenen Daten<\/h3>\n\n\n\n<p>Die Sicherheit Ihrer personenbezogenen Daten ist uns wichtig, aber denken Sie daran, dass keine Methode der \u00dcbertragung \u00fcber das Internet oder Methode der elektronischen Speicherung zu 100 % sicher ist. Obwohl wir uns bem\u00fchen, kommerziell akzeptable Mittel zum Schutz Ihrer personenbezogenen Daten einzusetzen, k\u00f6nnen wir deren absolute Sicherheit nicht garantieren.<\/p>\n\n\n\n<h2 class=\"wp-block-heading\">Privatsph\u00e4re von Kindern<\/h2>\n\n\n\n<p>Unser Dienst richtet sich nicht an Personen unter 13 Jahren. Wir sammeln nicht wissentlich personenbezogene Daten von Personen unter 13 Jahren. Wenn Sie ein Elternteil oder Erziehungsberechtigter sind und wissen, dass Ihr Kind uns personenbezogene Daten zur Verf\u00fcgung gestellt hat, kontaktieren Sie uns bitte. Wenn wir erfahren, dass wir personenbezogene Daten von Personen unter 13 Jahren ohne \u00dcberpr\u00fcfung der elterlichen Zustimmung gesammelt haben, ergreifen wir Schritte, um diese Informationen von unseren Servern zu entfernen.<\/p>\n\n\n\n<p>Wenn wir uns auf die Zustimmung als Rechtsgrundlage f\u00fcr die Verarbeitung Ihrer Informationen verlassen m\u00fcssen und Ihr Land die Zustimmung eines Elternteils erfordert, ben\u00f6tigen wir m\u00f6glicherweise die Zustimmung Ihres Elternteils, bevor wir diese Informationen sammeln und verwenden.<\/p>\n\n\n\n<h2 class=\"wp-block-heading\">Links zu anderen Websites<\/h2>\n\n\n\n<p>Unser Dienst kann Links zu anderen Websites enthalten, die nicht von uns betrieben werden. Wenn Sie auf einen Link eines Drittanbieters klicken, werden Sie auf die Website dieses Drittanbieters weitergeleitet. Wir raten Ihnen dringend, die Datenschutzrichtlinie jeder Website, die Sie besuchen, zu \u00fcberpr\u00fcfen.<\/p>\n\n\n\n<p>Wir haben keine Kontrolle \u00fcber und \u00fcbernehmen keine Verantwortung f\u00fcr den Inhalt, die Datenschutzrichtlinien oder Praktiken von Websites oder Diensten Dritter.<\/p>\n\n\n\n<h2 class=\"wp-block-heading\">\u00c4nderungen dieser Datenschutzrichtlinie<\/h2>\n\n\n\n<p>Wir k\u00f6nnen unsere Datenschutzrichtlinie von Zeit zu Zeit aktualisieren. Wir werden Sie \u00fcber alle \u00c4nderungen informieren, indem wir die neue Datenschutzrichtlinie auf dieser Seite ver\u00f6ffentlichen.<\/p>\n\n\n\n<p>Wir werden Sie per E-Mail und\/oder durch einen auff\u00e4lligen Hinweis in unserem Dienst informieren, bevor die \u00c4nderung in Kraft tritt, und das Datum \u201eZuletzt aktualisiert\u201c oben in dieser Datenschutzrichtlinie aktualisieren.<\/p>\n\n\n\n<p>Es wird empfohlen, diese Datenschutzrichtlinie regelm\u00e4\u00dfig auf \u00c4nderungen zu \u00fcberpr\u00fcfen. \u00c4nderungen an dieser Datenschutzrichtlinie treten in Kraft, wenn sie auf dieser Seite ver\u00f6ffentlicht werden.<\/p>\n\n\n\n<h2 class=\"wp-block-heading\">Kontaktieren Sie uns<\/h2>\n\n\n\n<p>If you have any questions about this Privacy Policy, You can contact us:<\/p>\n\n\n\n<ul class=\"wp-block-list\">\n<li>Per E-Mail: info@pharaohkids.com<\/li>\n\n\n\n<li>Durch Besuch dieser Seite auf unserer Website: <a href=\"https:\/\/pharaohkids.de\/de\/contact\/\" target=\"_blank\" rel=\"noreferrer noopener\">https:\/\/pharaohkids.de\/contact<\/a><\/li>\n<\/ul>","protected":false},"excerpt":{"rendered":"<p>Privacy Policy Last updated: June 10, 2025 This Privacy Policy describes Our policies and procedures on the collection, use and&#8230;<\/p>","protected":false},"author":1,"featured_media":0,"parent":0,"menu_order":0,"comment_status":"closed","ping_status":"open","template":"","meta":{"footnotes":""},"class_list":["post-3","page","type-page","status-publish","hentry"],"post-meta":{"_wp_page_template":["default"],"_edit_lock":["1749551005:1"],"_edit_last":["1"],"site-container":["default"],"site-header-transparent":["default"],"site-page-header":["default"],"site-sidebar":["default"],"copied_media_ids":["a:0:{}"],"referenced_media_ids":["a:0:{}"],"_wpml_word_count":["2485"]},"_links":{"self":[{"href":"https:\/\/pharaohkids.de\/de\/wp-json\/wp\/v2\/pages\/3","targetHints":{"allow":["GET"]}}],"collection":[{"href":"https:\/\/pharaohkids.de\/de\/wp-json\/wp\/v2\/pages"}],"about":[{"href":"https:\/\/pharaohkids.de\/de\/wp-json\/wp\/v2\/types\/page"}],"author":[{"embeddable":true,"href":"https:\/\/pharaohkids.de\/de\/wp-json\/wp\/v2\/users\/1"}],"replies":[{"embeddable":true,"href":"https:\/\/pharaohkids.de\/de\/wp-json\/wp\/v2\/comments?post=3"}],"version-history":[{"count":0,"href":"https:\/\/pharaohkids.de\/de\/wp-json\/wp\/v2\/pages\/3\/revisions"}],"wp:attachment":[{"href":"https:\/\/pharaohkids.de\/de\/wp-json\/wp\/v2\/media?parent=3"}],"curies":[{"name":"wp","href":"https:\/\/api.w.org\/{rel}","templated":true}]}}