{"id":5486,"date":"2025-07-01T09:48:30","date_gmt":"2025-07-01T09:48:30","guid":{"rendered":"https:\/\/pharaohkids.de\/?post_type=product&#038;p=5486"},"modified":"2026-03-27T23:52:37","modified_gmt":"2026-03-27T23:52:37","slug":"cute-mummy-tshirt","status":"publish","type":"product","link":"https:\/\/pharaohkids.de\/en\/product\/cute-mummy-tshirt\/","title":{"rendered":"Cute Mummy Tshirt"},"content":{"rendered":"<p>Material: 100\u202f% \u00e4gyptische Baumwolle \u2013 besonders weich und atmungsaktiv<\/p>\n<p>Stoffgewicht: 160\u2013180 g\/m\u00b2 (mittel bis schwer f\u00fcr bessere Haltbarkeit)<br \/>\nSchnitt: Klassischer Unisex-Schnitt f\u00fcr Jungen und M\u00e4dchen<br \/>\nKragen: Gerippter Rundhalsausschnitt mit doppeltem Nahtabschluss<br \/>\n\u00c4rmel: Kurzarm mit verst\u00e4rkten N\u00e4hten<br \/>\nN\u00e4hte: Doppelt vern\u00e4ht f\u00fcr zus\u00e4tzliche Stabilit\u00e4t<br \/>\nPflegehinweis: Waschbar bei 40\u202f\u00b0C, trocknergeeignet bei niedriger Temperatur<br \/>\nFarben: Hochwertiger, farbechter Druck geeignet<br \/>\nGr\u00f6\u00dfen: Verf\u00fcgbar in EU-Kindergr\u00f6\u00dfen<\/p>\n","protected":false},"excerpt":{"rendered":"<p>Kinder-T-Shirt \u2013 100\u202f% \u00e4gyptische Baumwolle<\/p>\n<p>Weich, atmungsaktiv und langlebig. Unisex-Schnitt. Waschbar<\/p>\n","protected":false},"featured_media":5487,"comment_status":"open","ping_status":"closed","template":"","meta":[],"product_brand":[],"product_cat":[38,39],"product_tag":[],"class_list":{"0":"post-5486","1":"product","2":"type-product","3":"status-publish","4":"has-post-thumbnail","6":"product_cat-kids","7":"product_cat-tshirts-kids","9":"first","10":"instock","11":"sale","12":"shipping-taxable","13":"purchasable","14":"product-type-variable","15":"has-default-attributes"},"_links":{"self":[{"href":"https:\/\/pharaohkids.de\/en\/wp-json\/wp\/v2\/product\/5486","targetHints":{"allow":["GET"]}}],"collection":[{"href":"https:\/\/pharaohkids.de\/en\/wp-json\/wp\/v2\/product"}],"about":[{"href":"https:\/\/pharaohkids.de\/en\/wp-json\/wp\/v2\/types\/product"}],"replies":[{"embeddable":true,"href":"https:\/\/pharaohkids.de\/en\/wp-json\/wp\/v2\/comments?post=5486"}],"wp:featuredmedia":[{"embeddable":true,"href":"https:\/\/pharaohkids.de\/en\/wp-json\/wp\/v2\/media\/5487"}],"wp:attachment":[{"href":"https:\/\/pharaohkids.de\/en\/wp-json\/wp\/v2\/media?parent=5486"}],"wp:term":[{"taxonomy":"product_brand","embeddable":true,"href":"https:\/\/pharaohkids.de\/en\/wp-json\/wp\/v2\/product_brand?post=5486"},{"taxonomy":"product_cat","embeddable":true,"href":"https:\/\/pharaohkids.de\/en\/wp-json\/wp\/v2\/product_cat?post=5486"},{"taxonomy":"product_tag","embeddable":true,"href":"https:\/\/pharaohkids.de\/en\/wp-json\/wp\/v2\/product_tag?post=5486"}],"curies":[{"name":"wp","href":"https:\/\/api.w.org\/{rel}","templated":true}]}}