{"id":6406,"date":"2026-03-28T11:46:06","date_gmt":"2026-03-28T11:46:06","guid":{"rendered":"https:\/\/pharaohkids.de\/?post_type=product&#038;p=6406"},"modified":"2026-04-09T01:29:50","modified_gmt":"2026-04-09T01:29:50","slug":"cutie-mummy-copy","status":"publish","type":"product","link":"https:\/\/pharaohkids.de\/en\/product\/cutie-mummy-copy\/","title":{"rendered":"Cutie Mummy (Front)"},"content":{"rendered":"<ol>\n<li>Material<\/li>\n<\/ol>\n<ul>\n<li>Weiche, hochwertige Baumwolle mit Polyesteranteil<\/li>\n<li>Angenehm auf der Haut und warmhaltend<\/li>\n<li>Maschinenwaschbar, farbbest\u00e4ndig<\/li>\n<\/ul>\n<h3>Design<\/h3>\n<ul>\n<li>Farbe: Hellrosa<\/li>\n<li>Kleine Cartoon-Mumie auf der Brust<\/li>\n<li>Gro\u00dfe R\u00fcckendruck-Grafik mit \u201eCUTIE MUMMY\u201c<\/li>\n<li>Gro\u00dfe K\u00e4ngurutasche vorne<\/li>\n<li>Kapuze mit wei\u00dfen, verstellbaren Kordeln<\/li>\n<li>Elastische B\u00fcndchen an \u00c4rmeln und Saum<\/li>\n<\/ul>\n<h3>Gr\u00f6\u00dfen<\/h3>\n<ul>\n<li>Erh\u00e4ltlich in Kindergr\u00f6\u00dfen:4\u20135 Jahre, 6\u20137 Jahre, 8\u20139 Jahre, 10\u201311 Jahre<\/li>\n<\/ul>\n<h3>Besondere Merkmale<\/h3>\n<ul>\n<li>Hochwertiger, langlebiger Druck<\/li>\n<li>Bequemer Schnitt, ideal f\u00fcr aktive Kinder<\/li>\n<li>Perfekt f\u00fcr Schule, Ausfl\u00fcge und den t\u00e4glichen Gebrauch<\/li>\n<li>Niedliches, kinderfreundliches Design<\/li>\n<\/ul>\n<h3>Pflegehinweise<\/h3>\n<ul>\n<li>Waschen bei niedriger Temperatur<\/li>\n<li>Auf links waschen, um den Druck zu sch\u00fctzen<\/li>\n<li>Keine hohen Trocknertemperaturen verwenden<\/li>\n<\/ul>\n","protected":false},"excerpt":{"rendered":"<p>Weicher Kinder-Hoodie in Rosa mit niedlichem Cutie-Mummy-Print vorne und hinten. Angenehm, warm und perfekt f\u00fcr den Alltag \u2013 mit Kapuze, K\u00e4ngurutasche und hochwertigem Druck.<\/p>\n","protected":false},"featured_media":6454,"comment_status":"open","ping_status":"closed","template":"","meta":[],"product_brand":[],"product_cat":[61,38],"product_tag":[],"class_list":{"0":"post-6406","1":"product","2":"type-product","3":"status-publish","4":"has-post-thumbnail","6":"product_cat-hoodies-sweatshirts-kids","7":"product_cat-kids","9":"first","10":"instock","11":"sale","12":"shipping-taxable","13":"purchasable","14":"product-type-variable","15":"has-default-attributes"},"_links":{"self":[{"href":"https:\/\/pharaohkids.de\/en\/wp-json\/wp\/v2\/product\/6406","targetHints":{"allow":["GET"]}}],"collection":[{"href":"https:\/\/pharaohkids.de\/en\/wp-json\/wp\/v2\/product"}],"about":[{"href":"https:\/\/pharaohkids.de\/en\/wp-json\/wp\/v2\/types\/product"}],"replies":[{"embeddable":true,"href":"https:\/\/pharaohkids.de\/en\/wp-json\/wp\/v2\/comments?post=6406"}],"wp:featuredmedia":[{"embeddable":true,"href":"https:\/\/pharaohkids.de\/en\/wp-json\/wp\/v2\/media\/6454"}],"wp:attachment":[{"href":"https:\/\/pharaohkids.de\/en\/wp-json\/wp\/v2\/media?parent=6406"}],"wp:term":[{"taxonomy":"product_brand","embeddable":true,"href":"https:\/\/pharaohkids.de\/en\/wp-json\/wp\/v2\/product_brand?post=6406"},{"taxonomy":"product_cat","embeddable":true,"href":"https:\/\/pharaohkids.de\/en\/wp-json\/wp\/v2\/product_cat?post=6406"},{"taxonomy":"product_tag","embeddable":true,"href":"https:\/\/pharaohkids.de\/en\/wp-json\/wp\/v2\/product_tag?post=6406"}],"curies":[{"name":"wp","href":"https:\/\/api.w.org\/{rel}","templated":true}]}}